{"id":1415,"date":"2026-02-09T22:40:27","date_gmt":"2026-02-10T04:40:27","guid":{"rendered":"https:\/\/immigrationevaluationsoftexas.com\/connect-spanish\/"},"modified":"2026-03-02T08:59:03","modified_gmt":"2026-03-02T14:59:03","slug":"conectar","status":"publish","type":"page","link":"https:\/\/immigrationevaluationsoftexas.com\/es\/conectar\/","title":{"rendered":"Conectar"},"content":{"rendered":"<div id=\"cs-content\" class=\"cs-content\"><section class=\"x-div e1415-e1-v0 m13b-0 m13b-1 m13b-2 m13b-3 m13b-4 m13b-5 m13b-6 m13b-7 m13b-8 m13b-9 m13b-a m13b-1a exp02-section\" style=\"--tco-dc13b-2:;\"><div class=\"x-div e1415-e1-v1 m13b-5 m13b-6 m13b-9 m13b-a m13b-b m13b-c m13b-d m13b-e m13b-f m13b-11 m13b-12 has-fade-mask-down\" style=\"--tco-dc13b-5:normal;\" aria-hidden=\"true\"><div class=\"x-div e1415-e1-v2 m13b-5 m13b-6 m13b-9 m13b-a m13b-c m13b-d m13b-f m13b-g m13b-h m13b-i m13b-13 exp02-simple-bg is-cover\" style=\"--tco-dc13b-6:url(https:\/\/immigrationevaluationsoftexas.com\/wp-content\/uploads\/2026\/02\/Firefly_Gemini-Flash_A-photorealistic-high-end-photo-studio-image-of-a-Muslim-immigrant-family-in-a-publi-255035.jpg);--tco-dc13b-7:50% 50%;--tco-dc13b-8:200px;\"><div class=\"x-bg\" aria-hidden=\"true\"><div class=\"x-bg-layer-lower-image\"><\/div><\/div><\/div><\/div><div class=\"x-div x-container max width e1415-e1-v3 m13b-1 m13b-5 m13b-6 m13b-9 m13b-a m13b-c m13b-f m13b-j m13b-k\"><div class=\"x-text x-text-headline e1415-e3-v0 m13b-1m m13b-1n m13b-1o m13b-1p m13b-1b exp02-hero-heading\" data-rvt-inner-wrap=\".x-text-content-text-primary &gt; strong\"><div class=\"x-text-content\"><div class=\"x-text-content-text\"><h1 class=\"x-text-content-text-primary\">Con\u00e9ctate <strong>Con Nosotros<\/strong><\/h1>\n<\/div><\/div><\/div><div style=\"--tco-dc13b-9:#1e2640;--tco-dc13b-c:#1e2640;\" class=\"x-text x-text-headline e1415-e4-v0 m13b-1m m13b-1o m13b-1q m13b-1c exp02-heading\"><div class=\"x-text-content\"><div class=\"x-text-content-text\"><p class=\"x-text-content-text-primary\">Fortalezca su caso de inmigraci\u00f3n con evaluaciones psicol\u00f3gicas expertas, realizadas con la rapidez, precisi\u00f3n y compasi\u00f3n que usted merece.<\/p>\n<\/div><\/div><\/div><\/div><\/section><div class=\"x-div e1415-e5-v0 m13b-5 m13b-6 m13b-7 m13b-8 m13b-9 m13b-a m13b-c m13b-l m13b-1d exp02-block-pair has-contained-desktop-content-layout has-desktop-primary-right has-dual-content\" style=\"--tco-dc13b-d:0px;--tco-dc13b-e:2.25fr;--tco-dc13b-f:;--tco-dc13b-g:0px;\"><div class=\"x-grid e1415-e5-v1 m13b-1x m13b-1y\" style=\"--tco-dc13b-h:0px;--tco-dc13b-i:start;--tco-dc13b-j:0px;--tco-dc13b-k:start;\"><div class=\"x-cell e1415-e5-v2 m13b-22 m13b-23 m13b-24 m13b-11 is-bg-secondary\" aria-hidden=\"true\"><\/div><div class=\"x-cell e1415-e5-v4 m13b-24 m13b-25 m13b-26 m13b-27 is-secondary-content\"><div class=\"x-div e1415-e7-v0 m13b-1 m13b-2 m13b-5 m13b-6 m13b-9 m13b-a m13b-c m13b-n m13b-o m13b-1e\"><div class=\"x-div e1415-e8-v0 m13b-1 m13b-4 m13b-9 m13b-a m13b-j m13b-p m13b-q m13b-1f\" style=\"--tco-dc13b-r:transparent;--tco-dc13b-u:transparent;--tco-dc13b-w:transparent;--tco-dc13b-z:transparent;--tco-dc13b-11:transparent;--tco-dc13b-13:transparent;\"><div class=\"x-div e1415-e8-v3 m13b-1 m13b-3 m13b-6 m13b-7 m13b-a m13b-f m13b-j m13b-u m13b-v\"><div style=\"--tco-dc13b-1d:#4f609b;--tco-dc13b-1g:#4f609b;\" class=\"x-text x-text-headline e1415-e10-v0 m13b-1m m13b-1o m13b-1r m13b-1g exp02-heading\"><div class=\"x-text-content\"><div class=\"x-text-content-text\"><h3 class=\"x-text-content-text-primary\">Informaci\u00f3n de contacto<\/h3>\n<\/div><\/div><\/div><ul class=\"x-grid e1415-e11-v0 m13b-1y m13b-1z m13b-20 m13b-1h exp02-icon-list\"><li class=\"x-cell e1415-e11-v1 m13b-24 m13b-27 m13b-28\"><figure class=\"x-div e1415-e11-v2 m13b-1 m13b-3 m13b-5 m13b-6 m13b-9 m13b-a m13b-f m13b-j m13b-o m13b-w\"><i class=\"x-icon e1415-e11-v3 m13b-2b m13b-2c\" aria-hidden=\"true\" data-x-icon-ss=\"&#xe122;\"><\/i><\/figure><div class=\"x-div e1415-e11-v4 m13b-6 m13b-9 m13b-a m13b-c m13b-f m13b-v\"><div class=\"x-text x-text-headline e1415-e11-v5 m13b-1o m13b-1p m13b-1s m13b-1t\"><div class=\"x-text-content\"><div class=\"x-text-content-text\"><span class=\"x-text-content-text-primary\"><span style=\"display:inline;unicode-bidi:bidi-override;direction:rtl;\" class=\"\">moc.xtfoslavenoitargimmi<span style=\"display:none;\">obfsctd-332238<\/span>&#64;ofni<\/span><\/span>\n<\/div><\/div><\/div><\/div><\/li><li class=\"x-cell e1415-e11-v1 m13b-24 m13b-27 m13b-28\"><figure class=\"x-div e1415-e11-v2 m13b-1 m13b-3 m13b-5 m13b-6 m13b-9 m13b-a m13b-f m13b-j m13b-o m13b-w\"><i class=\"x-icon e1415-e11-v3 m13b-2b m13b-2c\" aria-hidden=\"true\" data-x-icon-ss=\"&#xe122;\"><\/i><\/figure><div class=\"x-div e1415-e11-v4 m13b-6 m13b-9 m13b-a m13b-c m13b-f m13b-v\"><div class=\"x-text x-text-headline e1415-e11-v5 m13b-1o m13b-1p m13b-1s m13b-1t\"><div class=\"x-text-content\"><div class=\"x-text-content-text\"><span class=\"x-text-content-text-primary\">(346) 588-6933<\/span>\n<\/div><\/div><\/div><\/div><\/li><\/ul><\/div><\/div><div class=\"x-div e1415-e12-v0 m13b-1 m13b-4 m13b-9 m13b-a m13b-j m13b-q m13b-x m13b-1i\" style=\"--tco-dc13b-1h:transparent;--tco-dc13b-1k:transparent;--tco-dc13b-1m:transparent;--tco-dc13b-1p:transparent;--tco-dc13b-1r:transparent;--tco-dc13b-1t:transparent;\"><div class=\"x-div e1415-e12-v3 m13b-1 m13b-3 m13b-6 m13b-7 m13b-a m13b-f m13b-j m13b-v m13b-z\"><div style=\"--tco-dc13b-23:#4f609b;--tco-dc13b-26:#4f609b;\" class=\"x-text x-text-headline e1415-e14-v0 m13b-1m m13b-1o m13b-1u m13b-1j exp02-heading\"><div class=\"x-text-content\"><div class=\"x-text-content-text\"><h3 class=\"x-text-content-text-primary\">Direcci\u00f3n<\/h3>\n<\/div><\/div><\/div><ul class=\"x-grid e1415-e15-v0 m13b-1y m13b-20 m13b-21 m13b-1k exp02-icon-list\"><li class=\"x-cell e1415-e15-v1 m13b-24 m13b-27 m13b-28\"><figure class=\"x-div e1415-e15-v2 m13b-1 m13b-3 m13b-5 m13b-6 m13b-9 m13b-a m13b-f m13b-j m13b-o m13b-w\"><i class=\"x-icon e1415-e15-v3 m13b-2b m13b-2d\" aria-hidden=\"true\" data-x-icon-ss=\"&#xf60d;\"><\/i><\/figure><div class=\"x-div e1415-e15-v4 m13b-6 m13b-9 m13b-a m13b-c m13b-f m13b-v\"><div class=\"x-text x-text-headline e1415-e15-v5 m13b-1o m13b-1p m13b-1s m13b-1v\"><div class=\"x-text-content\"><div class=\"x-text-content-text\"><span class=\"x-text-content-text-primary\"><p>800 Bonaventure Way<br \/>\nSuite 156<br \/>\nSugar Land, TX 77479<\/p><\/span>\n<\/div><\/div><\/div><\/div><\/li><\/ul><\/div><\/div><\/div><\/div><div class=\"x-cell e1415-e5-v5 m13b-23 m13b-24 m13b-29 m13b-11 is-bg-primary\" aria-hidden=\"true\"><\/div><div class=\"x-cell e1415-e5-v7 m13b-24 m13b-26 m13b-27 m13b-2a is-primary-content\"><div style=\"--tco-dc13b-2d:#4f609b;--tco-dc13b-2g:#4f609b;\" class=\"x-text x-text-headline e1415-e17-v0 m13b-1m m13b-1o m13b-1w m13b-1l exp02-heading\"><div class=\"x-text-content\"><div class=\"x-text-content-text\"><h2 class=\"x-text-content-text-primary\">Cont\u00e1ctanos por correo electr\u00f3nico<\/h2>\n<\/div><\/div><\/div><div class=\"x-form-integration x-form-integration-embed e1415-e18 m13b-2e\"><div class=\"forminator-ui forminator-custom-form forminator-custom-form-394 forminator-design--default  forminator_ajax\" data-forminator-render=\"0\" data-form=\"forminator-module-394\" data-uid=\"69ff5c40bdbd9\"><br\/><\/div><form\r\n\t\t\t\tid=\"forminator-module-394\"\r\n\t\t\t\tclass=\"forminator-ui forminator-custom-form forminator-custom-form-394 forminator-design--default  forminator_ajax\"\r\n\t\t\t\tmethod=\"post\"\r\n\t\t\t\tdata-forminator-render=\"0\"\r\n\t\t\t\tdata-form-id=\"394\"\r\n\t\t\t\t data-color-option=\"theme\" data-design=\"default\" data-grid=\"open\" style=\"display: none;\"\r\n\t\t\t\tdata-uid=\"69ff5c40bdbd9\"\r\n\t\t\t><div role=\"alert\" aria-live=\"polite\" class=\"forminator-response-message forminator-error\" aria-hidden=\"true\"><\/div><div class=\"forminator-row\"><div id=\"name-1\" class=\"forminator-field-name forminator-col forminator-col-12 \"><div class=\"forminator-row forminator-no-margin\" data-multiple=\"true\"><div class=\"forminator-col forminator-col-md-6\"><div class=\"forminator-field\"><label for=\"forminator-field-first-name-1_69ff5c40bdbd9\" id=\"forminator-field-first-name-1_69ff5c40bdbd9-label\" class=\"forminator-label\">First Name <span class=\"forminator-required\">*<\/span><\/label><input type=\"text\" name=\"name-1-first-name\" placeholder=\"\" id=\"forminator-field-first-name-1_69ff5c40bdbd9\" class=\"forminator-input\" aria-required=\"true\" data-multi=\"1\" autocomplete=\"given-name\" value=\"\" \/><\/div><\/div><div class=\"forminator-col forminator-col-md-6\"><div class=\"forminator-field\"><label for=\"forminator-field-last-name-1_69ff5c40bdbd9\" id=\"forminator-field-last-name-1_69ff5c40bdbd9-label\" class=\"forminator-label\">Last Name<\/label><input type=\"text\" name=\"name-1-last-name\" placeholder=\"\" id=\"forminator-field-last-name-1_69ff5c40bdbd9\" class=\"forminator-input\" aria-required=\"false\" data-multi=\"1\" autocomplete=\"family-name\" value=\"\" \/><\/div><\/div><\/div><\/div><\/div><div class=\"forminator-row\"><div id=\"email-1\" class=\"forminator-field-email forminator-col forminator-col-12 \"><div class=\"forminator-field\"><label for=\"forminator-field-email-1_69ff5c40bdbd9\" id=\"forminator-field-email-1_69ff5c40bdbd9-label\" class=\"forminator-label\">Email Address <span class=\"forminator-required\">*<\/span><\/label><input type=\"email\" name=\"email-1\" value=\"\" placeholder=\"\" id=\"forminator-field-email-1_69ff5c40bdbd9\" class=\"forminator-input forminator-email--field\" data-required=\"true\" aria-required=\"true\" autocomplete=\"email\" \/><\/div><\/div><\/div><div class=\"forminator-row\"><div id=\"phone-1\" class=\"forminator-field-phone forminator-col forminator-col-12 \"><div class=\"forminator-field\"><label for=\"forminator-field-phone-1_69ff5c40bdbd9\" id=\"forminator-field-phone-1_69ff5c40bdbd9-label\" class=\"forminator-label\">Phone Number<\/label><input type=\"text\" name=\"phone-1\" value=\"\" placeholder=\"\" id=\"forminator-field-phone-1_69ff5c40bdbd9\" class=\"forminator-input forminator-field--phone\" data-required=\"\" aria-required=\"false\" autocomplete=\"off\" \/><\/div><\/div><\/div><div class=\"forminator-row\"><div id=\"textarea-1\" class=\"forminator-field-textarea forminator-col forminator-col-12 \"><div class=\"forminator-field\"><label for=\"forminator-field-textarea-1_69ff5c40bdbd9\" id=\"forminator-field-textarea-1_69ff5c40bdbd9-label\" class=\"forminator-label\">Message<\/label><span id=\"forminator-field-textarea-1_69ff5c40bdbd9-description\" class=\"forminator-description\"><span data-limit=\"180\" data-type=\"characters\" data-editor=\"\">0 \/ 180<\/span><\/span><textarea name=\"textarea-1\" placeholder=\"\" id=\"forminator-field-textarea-1_69ff5c40bdbd9\" class=\"forminator-textarea\" rows=\"6\" style=\"min-height:140px;\" maxlength=\"180\" ><\/textarea><\/div><\/div><\/div><div class=\"forminator-row\" style=\"margin: 0;\"><div id=\"captcha-1\" class=\"forminator-field-captcha  forminator-col-12 \"><div class=\"forminator-captcha-left forminator-g-recaptcha recaptcha-invisible\" data-theme=\"light\" data-badge=\"bottomright\" data-sitekey=\"6Lc7cLgpAAAAAJQIaTtD_z7ReVFlFWUYvhqLO0Vl\" data-size=\"invisible\"><\/div> <\/div><\/div><input type=\"hidden\" name=\"referer_url\" value=\"\" \/><div class=\"forminator-row forminator-row-last\"><div class=\"forminator-col\"><div class=\"forminator-field\"><button class=\"forminator-button forminator-button-submit\">Submit<\/button><\/div><\/div><\/div><input type=\"hidden\" id=\"forminator_nonce\" name=\"forminator_nonce\" value=\"faaf5c3384\" \/><input type=\"hidden\" name=\"_wp_http_referer\" value=\"\/es\/wp-json\/wp\/v2\/pages\/1415\" \/><input type=\"hidden\" name=\"form_id\" value=\"394\"><input type=\"hidden\" name=\"page_id\" value=\"1415\"><input type=\"hidden\" name=\"form_type\" value=\"default\"><input type=\"hidden\" name=\"current_url\" value=\"https:\/\/immigrationevaluationsoftexas.com\/es\/conectar\/\"><input type=\"hidden\" name=\"render_id\" value=\"0\"><input type=\"hidden\" name=\"action\" value=\"forminator_submit_form_custom-forms\"><input id=\"forminator_current_geolocation_394\" type=\"hidden\" name=\"forminator_current_location\" value=\"\" autocomplete=\"off\"><input id=\"forminator_current_address_394\" type=\"hidden\" name=\"forminator_current_address\" value=\"\" autocomplete=\"off\"><input type=\"hidden\" name=\"forminator_current_location_error\" value=\"\" autocomplete=\"off\"><\/form><\/div><\/div><\/div><\/div><\/div>","protected":false},"excerpt":{"rendered":"<p>Con\u00e9ctate Con Nosotros Fortalezca su caso de inmigraci\u00f3n con evaluaciones psicol\u00f3gicas expertas, realizadas con la rapidez, precisi\u00f3n y compasi\u00f3n que usted merece. Informaci\u00f3n de contacto moc.xtfoslavenoitargimmiobfsctd-332238&#64;ofni (346) 588-6933 Direcci\u00f3n 800 Bonaventure Way Suite 156 Sugar Land, TX 77479 Cont\u00e1ctanos por correo electr\u00f3nico First Name *Last NameEmail Address *Phone NumberMessage0 \/ 180 Submit<\/p>\n","protected":false},"author":1,"featured_media":1417,"parent":0,"menu_order":12,"comment_status":"closed","ping_status":"closed","template":"template-blank-4.php","meta":{"footnotes":""},"class_list":["post-1415","page","type-page","status-publish","has-post-thumbnail","hentry"],"yoast_head":"<!-- This site is optimized with the Yoast SEO Premium plugin v26.8 (Yoast SEO v27.5) - https:\/\/yoast.com\/product\/yoast-seo-premium-wordpress\/ -->\n<title>Conectar &#187; Immigration Evaluations of Texas<\/title>\n<meta name=\"robots\" content=\"index, follow, max-snippet:-1, max-image-preview:large, max-video-preview:-1\" \/>\n<link rel=\"canonical\" href=\"https:\/\/immigrationevaluationsoftexas.com\/es\/conectar\/\" \/>\n<meta property=\"og:locale\" content=\"es_ES\" \/>\n<meta property=\"og:type\" content=\"article\" \/>\n<meta property=\"og:title\" content=\"Conectar &#187; Immigration Evaluations of Texas\" \/>\n<meta property=\"og:description\" content=\"Con\u00e9ctate Con Nosotros Fortalezca su caso de inmigraci\u00f3n con evaluaciones psicol\u00f3gicas expertas, realizadas con la rapidez, precisi\u00f3n y compasi\u00f3n que usted merece. Informaci\u00f3n de contacto moc.xtfoslavenoitargimmiobfsctd-332238&#064;ofni (346) 588-6933 Direcci\u00f3n 800 Bonaventure Way Suite 156 Sugar Land, TX 77479 Cont\u00e1ctanos por correo electr\u00f3nico First Name *Last NameEmail Address *Phone NumberMessage0 \/ 180 Submit\" \/>\n<meta property=\"og:url\" content=\"https:\/\/immigrationevaluationsoftexas.com\/es\/conectar\/\" \/>\n<meta property=\"og:site_name\" content=\"Immigration Evaluations of Texas\" \/>\n<meta property=\"article:publisher\" content=\"https:\/\/www.facebook.com\/immigrationevalsoftx\" \/>\n<meta property=\"article:modified_time\" content=\"2026-03-02T14:59:03+00:00\" \/>\n<meta property=\"og:image\" content=\"https:\/\/immigrationevaluationsoftexas.com\/wp-content\/uploads\/2026\/02\/Firefly_Gemini-Flash_A-photorealistic-high-end-photo-studio-image-of-a-Muslim-immigrant-family-in-a-publi-255035.jpg\" \/>\n\t<meta property=\"og:image:width\" content=\"2400\" \/>\n\t<meta property=\"og:image:height\" content=\"1792\" \/>\n\t<meta property=\"og:image:type\" content=\"image\/jpeg\" \/>\n<meta name=\"twitter:card\" content=\"summary_large_image\" \/>\n<script type=\"application\/ld+json\" class=\"yoast-schema-graph\">{\"@context\":\"https:\\\/\\\/schema.org\",\"@graph\":[{\"@type\":\"WebPage\",\"@id\":\"https:\\\/\\\/immigrationevaluationsoftexas.com\\\/es\\\/conectar\\\/\",\"url\":\"https:\\\/\\\/immigrationevaluationsoftexas.com\\\/es\\\/conectar\\\/\",\"name\":\"Conectar &#187; Immigration Evaluations of Texas\",\"isPartOf\":{\"@id\":\"https:\\\/\\\/immigrationevaluationsoftexas.com\\\/es\\\/#website\"},\"primaryImageOfPage\":{\"@id\":\"https:\\\/\\\/immigrationevaluationsoftexas.com\\\/es\\\/conectar\\\/#primaryimage\"},\"image\":{\"@id\":\"https:\\\/\\\/immigrationevaluationsoftexas.com\\\/es\\\/conectar\\\/#primaryimage\"},\"thumbnailUrl\":\"https:\\\/\\\/immigrationevaluationsoftexas.com\\\/wp-content\\\/uploads\\\/2026\\\/02\\\/Firefly_Gemini-Flash_A-photorealistic-high-end-photo-studio-image-of-a-Muslim-immigrant-family-in-a-publi-255035.jpg\",\"datePublished\":\"2026-02-10T04:40:27+00:00\",\"dateModified\":\"2026-03-02T14:59:03+00:00\",\"breadcrumb\":{\"@id\":\"https:\\\/\\\/immigrationevaluationsoftexas.com\\\/es\\\/conectar\\\/#breadcrumb\"},\"inLanguage\":\"es\",\"potentialAction\":[{\"@type\":\"ReadAction\",\"target\":[\"https:\\\/\\\/immigrationevaluationsoftexas.com\\\/es\\\/conectar\\\/\"]}]},{\"@type\":\"ImageObject\",\"inLanguage\":\"es\",\"@id\":\"https:\\\/\\\/immigrationevaluationsoftexas.com\\\/es\\\/conectar\\\/#primaryimage\",\"url\":\"https:\\\/\\\/immigrationevaluationsoftexas.com\\\/wp-content\\\/uploads\\\/2026\\\/02\\\/Firefly_Gemini-Flash_A-photorealistic-high-end-photo-studio-image-of-a-Muslim-immigrant-family-in-a-publi-255035.jpg\",\"contentUrl\":\"https:\\\/\\\/immigrationevaluationsoftexas.com\\\/wp-content\\\/uploads\\\/2026\\\/02\\\/Firefly_Gemini-Flash_A-photorealistic-high-end-photo-studio-image-of-a-Muslim-immigrant-family-in-a-publi-255035.jpg\",\"width\":2400,\"height\":1792,\"caption\":\"Immigration Evaluations of Texas in Houston\"},{\"@type\":\"BreadcrumbList\",\"@id\":\"https:\\\/\\\/immigrationevaluationsoftexas.com\\\/es\\\/conectar\\\/#breadcrumb\",\"itemListElement\":[{\"@type\":\"ListItem\",\"position\":1,\"name\":\"Home\",\"item\":\"https:\\\/\\\/immigrationevaluationsoftexas.com\\\/es\\\/bienvenido\\\/\"},{\"@type\":\"ListItem\",\"position\":2,\"name\":\"Conectar\"}]},{\"@type\":\"WebSite\",\"@id\":\"https:\\\/\\\/immigrationevaluationsoftexas.com\\\/es\\\/#website\",\"url\":\"https:\\\/\\\/immigrationevaluationsoftexas.com\\\/es\\\/\",\"name\":\"Immigration Evaluations of Texas\",\"description\":\"Professional immigration psychological evaluations in Texas that strengthen your case with speed, accuracy, and compassion.\",\"publisher\":{\"@id\":\"https:\\\/\\\/immigrationevaluationsoftexas.com\\\/es\\\/#organization\"},\"alternateName\":\"Immigration Evals of TX\",\"potentialAction\":[{\"@type\":\"SearchAction\",\"target\":{\"@type\":\"EntryPoint\",\"urlTemplate\":\"https:\\\/\\\/immigrationevaluationsoftexas.com\\\/es\\\/?s={search_term_string}\"},\"query-input\":{\"@type\":\"PropertyValueSpecification\",\"valueRequired\":true,\"valueName\":\"search_term_string\"}}],\"inLanguage\":\"es\"},{\"@type\":\"Organization\",\"@id\":\"https:\\\/\\\/immigrationevaluationsoftexas.com\\\/es\\\/#organization\",\"name\":\"Immigration Evaluations of Texas\",\"alternateName\":\"Immigration Evals of TX\",\"url\":\"https:\\\/\\\/immigrationevaluationsoftexas.com\\\/es\\\/\",\"logo\":{\"@type\":\"ImageObject\",\"inLanguage\":\"es\",\"@id\":\"https:\\\/\\\/immigrationevaluationsoftexas.com\\\/es\\\/#\\\/schema\\\/logo\\\/image\\\/\",\"url\":\"https:\\\/\\\/immigrationevaluationsoftexas.com\\\/wp-content\\\/uploads\\\/2026\\\/02\\\/brand_IEoT_2026_seal-light.jpg\",\"contentUrl\":\"https:\\\/\\\/immigrationevaluationsoftexas.com\\\/wp-content\\\/uploads\\\/2026\\\/02\\\/brand_IEoT_2026_seal-light.jpg\",\"width\":1024,\"height\":1024,\"caption\":\"Immigration Evaluations of Texas\"},\"image\":{\"@id\":\"https:\\\/\\\/immigrationevaluationsoftexas.com\\\/es\\\/#\\\/schema\\\/logo\\\/image\\\/\"},\"sameAs\":[\"https:\\\/\\\/www.facebook.com\\\/immigrationevalsoftx\"],\"description\":\"Navigating the immigration process can be overwhelming and emotionally exhausting, especially with changing policies and intensifying enforcement. Immigration Evaluations of Texas offers compassionate and professional support to ensure your case fully reflects the psychological impact of your experiences. You don't have to go through this alone.\",\"email\":\"info@immigrationevalsoftx.com\",\"telephone\":\"(346) 588-6933\",\"legalName\":\"Immigration Evaluations of Texas\",\"foundingDate\":\"2026-03-01\",\"numberOfEmployees\":{\"@type\":\"QuantitativeValue\",\"minValue\":\"1\",\"maxValue\":\"10\"}}]}<\/script>\n<!-- \/ Yoast SEO Premium plugin. -->","yoast_head_json":{"title":"Conectar &#187; Immigration Evaluations of Texas","robots":{"index":"index","follow":"follow","max-snippet":"max-snippet:-1","max-image-preview":"max-image-preview:large","max-video-preview":"max-video-preview:-1"},"canonical":"https:\/\/immigrationevaluationsoftexas.com\/es\/conectar\/","og_locale":"es_ES","og_type":"article","og_title":"Conectar &#187; Immigration Evaluations of Texas","og_description":"Con\u00e9ctate Con Nosotros Fortalezca su caso de inmigraci\u00f3n con evaluaciones psicol\u00f3gicas expertas, realizadas con la rapidez, precisi\u00f3n y compasi\u00f3n que usted merece. Informaci\u00f3n de contacto moc.xtfoslavenoitargimmiobfsctd-332238&#64;ofni (346) 588-6933 Direcci\u00f3n 800 Bonaventure Way Suite 156 Sugar Land, TX 77479 Cont\u00e1ctanos por correo electr\u00f3nico First Name *Last NameEmail Address *Phone NumberMessage0 \/ 180 Submit","og_url":"https:\/\/immigrationevaluationsoftexas.com\/es\/conectar\/","og_site_name":"Immigration Evaluations of Texas","article_publisher":"https:\/\/www.facebook.com\/immigrationevalsoftx","article_modified_time":"2026-03-02T14:59:03+00:00","og_image":[{"width":2400,"height":1792,"url":"https:\/\/immigrationevaluationsoftexas.com\/wp-content\/uploads\/2026\/02\/Firefly_Gemini-Flash_A-photorealistic-high-end-photo-studio-image-of-a-Muslim-immigrant-family-in-a-publi-255035.jpg","type":"image\/jpeg"}],"twitter_card":"summary_large_image","schema":{"@context":"https:\/\/schema.org","@graph":[{"@type":"WebPage","@id":"https:\/\/immigrationevaluationsoftexas.com\/es\/conectar\/","url":"https:\/\/immigrationevaluationsoftexas.com\/es\/conectar\/","name":"Conectar &#187; Immigration Evaluations of Texas","isPartOf":{"@id":"https:\/\/immigrationevaluationsoftexas.com\/es\/#website"},"primaryImageOfPage":{"@id":"https:\/\/immigrationevaluationsoftexas.com\/es\/conectar\/#primaryimage"},"image":{"@id":"https:\/\/immigrationevaluationsoftexas.com\/es\/conectar\/#primaryimage"},"thumbnailUrl":"https:\/\/immigrationevaluationsoftexas.com\/wp-content\/uploads\/2026\/02\/Firefly_Gemini-Flash_A-photorealistic-high-end-photo-studio-image-of-a-Muslim-immigrant-family-in-a-publi-255035.jpg","datePublished":"2026-02-10T04:40:27+00:00","dateModified":"2026-03-02T14:59:03+00:00","breadcrumb":{"@id":"https:\/\/immigrationevaluationsoftexas.com\/es\/conectar\/#breadcrumb"},"inLanguage":"es","potentialAction":[{"@type":"ReadAction","target":["https:\/\/immigrationevaluationsoftexas.com\/es\/conectar\/"]}]},{"@type":"ImageObject","inLanguage":"es","@id":"https:\/\/immigrationevaluationsoftexas.com\/es\/conectar\/#primaryimage","url":"https:\/\/immigrationevaluationsoftexas.com\/wp-content\/uploads\/2026\/02\/Firefly_Gemini-Flash_A-photorealistic-high-end-photo-studio-image-of-a-Muslim-immigrant-family-in-a-publi-255035.jpg","contentUrl":"https:\/\/immigrationevaluationsoftexas.com\/wp-content\/uploads\/2026\/02\/Firefly_Gemini-Flash_A-photorealistic-high-end-photo-studio-image-of-a-Muslim-immigrant-family-in-a-publi-255035.jpg","width":2400,"height":1792,"caption":"Immigration Evaluations of Texas in Houston"},{"@type":"BreadcrumbList","@id":"https:\/\/immigrationevaluationsoftexas.com\/es\/conectar\/#breadcrumb","itemListElement":[{"@type":"ListItem","position":1,"name":"Home","item":"https:\/\/immigrationevaluationsoftexas.com\/es\/bienvenido\/"},{"@type":"ListItem","position":2,"name":"Conectar"}]},{"@type":"WebSite","@id":"https:\/\/immigrationevaluationsoftexas.com\/es\/#website","url":"https:\/\/immigrationevaluationsoftexas.com\/es\/","name":"Immigration Evaluations of Texas","description":"Professional immigration psychological evaluations in Texas that strengthen your case with speed, accuracy, and compassion.","publisher":{"@id":"https:\/\/immigrationevaluationsoftexas.com\/es\/#organization"},"alternateName":"Immigration Evals of TX","potentialAction":[{"@type":"SearchAction","target":{"@type":"EntryPoint","urlTemplate":"https:\/\/immigrationevaluationsoftexas.com\/es\/?s={search_term_string}"},"query-input":{"@type":"PropertyValueSpecification","valueRequired":true,"valueName":"search_term_string"}}],"inLanguage":"es"},{"@type":"Organization","@id":"https:\/\/immigrationevaluationsoftexas.com\/es\/#organization","name":"Immigration Evaluations of Texas","alternateName":"Immigration Evals of TX","url":"https:\/\/immigrationevaluationsoftexas.com\/es\/","logo":{"@type":"ImageObject","inLanguage":"es","@id":"https:\/\/immigrationevaluationsoftexas.com\/es\/#\/schema\/logo\/image\/","url":"https:\/\/immigrationevaluationsoftexas.com\/wp-content\/uploads\/2026\/02\/brand_IEoT_2026_seal-light.jpg","contentUrl":"https:\/\/immigrationevaluationsoftexas.com\/wp-content\/uploads\/2026\/02\/brand_IEoT_2026_seal-light.jpg","width":1024,"height":1024,"caption":"Immigration Evaluations of Texas"},"image":{"@id":"https:\/\/immigrationevaluationsoftexas.com\/es\/#\/schema\/logo\/image\/"},"sameAs":["https:\/\/www.facebook.com\/immigrationevalsoftx"],"description":"Navigating the immigration process can be overwhelming and emotionally exhausting, especially with changing policies and intensifying enforcement. Immigration Evaluations of Texas offers compassionate and professional support to ensure your case fully reflects the psychological impact of your experiences. You don't have to go through this alone.","email":"info@immigrationevalsoftx.com","telephone":"(346) 588-6933","legalName":"Immigration Evaluations of Texas","foundingDate":"2026-03-01","numberOfEmployees":{"@type":"QuantitativeValue","minValue":"1","maxValue":"10"}}]}},"_links":{"self":[{"href":"https:\/\/immigrationevaluationsoftexas.com\/es\/wp-json\/wp\/v2\/pages\/1415","targetHints":{"allow":["GET"]}}],"collection":[{"href":"https:\/\/immigrationevaluationsoftexas.com\/es\/wp-json\/wp\/v2\/pages"}],"about":[{"href":"https:\/\/immigrationevaluationsoftexas.com\/es\/wp-json\/wp\/v2\/types\/page"}],"author":[{"embeddable":true,"href":"https:\/\/immigrationevaluationsoftexas.com\/es\/wp-json\/wp\/v2\/users\/1"}],"replies":[{"embeddable":true,"href":"https:\/\/immigrationevaluationsoftexas.com\/es\/wp-json\/wp\/v2\/comments?post=1415"}],"version-history":[{"count":0,"href":"https:\/\/immigrationevaluationsoftexas.com\/es\/wp-json\/wp\/v2\/pages\/1415\/revisions"}],"wp:featuredmedia":[{"embeddable":true,"href":"https:\/\/immigrationevaluationsoftexas.com\/es\/wp-json\/wp\/v2\/media\/1417"}],"wp:attachment":[{"href":"https:\/\/immigrationevaluationsoftexas.com\/es\/wp-json\/wp\/v2\/media?parent=1415"}],"curies":[{"name":"wp","href":"https:\/\/api.w.org\/{rel}","templated":true}]}}